{"id":20987,"date":"2025-08-23T10:18:28","date_gmt":"2025-08-23T10:18:28","guid":{"rendered":"https:\/\/shop.allotelecom.se\/?post_type=product&#038;p=20987"},"modified":"2025-12-26T10:35:18","modified_gmt":"2025-12-26T10:35:18","slug":"samsung-s24-fe","status":"publish","type":"product","link":"https:\/\/shop.allotelecom.se\/ar\/product\/samsung-s24-fe\/","title":{"rendered":"Samsung A17"},"content":{"rendered":"","protected":false},"excerpt":{"rendered":"<p>Abonnemang<\/p>\n<div id=\"offer_tariff\" class=\"hubble-product__options-content\">\n<div class=\"hubble-product__options-content-inner\">\n<p class=\"hubble-product__options-content-text\"><span class=\"s-option-default\">K\u00f6p abonnemang och f\u00e5 en Samsung A17 p\u00e5 k\u00f6pet\u00a0<\/span><\/p>\n<\/div>\n<\/div>\n<ul>\n<li>V\u00e4lj ett abonnemang<\/li>\n<\/ul>\n<ul>\n<li>24GB\u00a0 f\u00f6r 249 kr \/ M\u00e5n<\/li>\n<li>30GB\u00a0 f\u00f6r 299 kr \/ M\u00e5n<\/li>\n<li>48GB\u00a0 f\u00f6r 349 kr \/ M\u00e5n<\/li>\n<li>Obegr\u00e4nsat f\u00f6r 499 kr \/ M\u00e5n<\/li>\n<li>Faktura f\u00f6r ditt abonnemang skickas via Allo<\/li>\n<\/ul>\n","protected":false},"featured_media":21202,"template":"","meta":{"_acf_changed":false},"product_brand":[],"product_cat":[73],"product_tag":[114],"class_list":{"0":"post-20987","1":"product","2":"type-product","3":"status-publish","4":"has-post-thumbnail","6":"product_cat-mobil","7":"product_tag-new","9":"first","10":"instock","11":"shipping-taxable","12":"purchasable","13":"product-type-variable","14":"has-default-attributes"},"acf":[],"_links":{"self":[{"href":"https:\/\/shop.allotelecom.se\/ar\/wp-json\/wp\/v2\/product\/20987","targetHints":{"allow":["GET"]}}],"collection":[{"href":"https:\/\/shop.allotelecom.se\/ar\/wp-json\/wp\/v2\/product"}],"about":[{"href":"https:\/\/shop.allotelecom.se\/ar\/wp-json\/wp\/v2\/types\/product"}],"version-history":[{"count":7,"href":"https:\/\/shop.allotelecom.se\/ar\/wp-json\/wp\/v2\/product\/20987\/revisions"}],"predecessor-version":[{"id":22161,"href":"https:\/\/shop.allotelecom.se\/ar\/wp-json\/wp\/v2\/product\/20987\/revisions\/22161"}],"wp:featuredmedia":[{"embeddable":true,"href":"https:\/\/shop.allotelecom.se\/ar\/wp-json\/wp\/v2\/media\/21202"}],"wp:attachment":[{"href":"https:\/\/shop.allotelecom.se\/ar\/wp-json\/wp\/v2\/media?parent=20987"}],"wp:term":[{"taxonomy":"product_brand","embeddable":true,"href":"https:\/\/shop.allotelecom.se\/ar\/wp-json\/wp\/v2\/product_brand?post=20987"},{"taxonomy":"product_cat","embeddable":true,"href":"https:\/\/shop.allotelecom.se\/ar\/wp-json\/wp\/v2\/product_cat?post=20987"},{"taxonomy":"product_tag","embeddable":true,"href":"https:\/\/shop.allotelecom.se\/ar\/wp-json\/wp\/v2\/product_tag?post=20987"}],"curies":[{"name":"wp","href":"https:\/\/api.w.org\/{rel}","templated":true}]}}